{"id":97,"date":"2020-11-07T22:51:10","date_gmt":"2020-11-07T21:51:10","guid":{"rendered":"http:\/\/aridarum.pl\/?post_type=product&#038;p=97"},"modified":"2024-05-06T19:22:58","modified_gmt":"2024-05-06T17:22:58","slug":"pink-lady","status":"publish","type":"product","link":"https:\/\/aridarum.pl\/?product=pink-lady","title":{"rendered":"Pink Lady"},"content":{"rendered":"<p style=\"text-align: center;\">Sadzonka emersyjna, kilka li\u015bci.<\/p>\n","protected":false},"excerpt":{"rendered":"<p>Nazwa gatunkowa: <strong>Bucephalandra Sp.<\/strong><\/p>\n<p>Nazwa handlowa: <strong>Pink Lady<\/strong><br \/>\nRodzina: <strong>obrazkowate<\/strong><br \/>\nWyst\u0119powanie: <strong>endemiczna dla Borneo<\/strong><br \/>\n\u0141odyga: <strong>\u00a0\u015brednie k\u0142\u0105cze<\/strong><br \/>\nLi\u015bcie: <strong>zaostrzone, zw\u0119\u017caj\u0105ce si\u0119,<\/strong> <strong>w\u0105skie i pod\u0142u\u017cne ok. 8 cm<br \/>\n<\/strong>Kwiaty: <strong>bia\u0142y kielich<\/strong><br \/>\npH: <strong>6-8 \u2013 optymalnie 6,5-7<br \/>\n<\/strong>Temperatura: <strong>22-26(forma submersyjna)\/32(forma emersyjna)<\/strong><br \/>\nCO2: <strong>niewymagane ale zalecane do szybszego wzrostu<\/strong><br \/>\nO\u015bwietlenie: <strong>s\u0142abe do \u015bredniego<br \/>\n<\/strong>Nawo\u017cenie: <strong>niewymagane ale zalecane do szybszego wzrostu<\/strong><br \/>\nRozmna\u017canie: <strong>ci\u0119cie k\u0142\u0105czy<\/strong><br \/>\nTempo wzrostu: <strong>powolne<\/strong><br \/>\nSadzenie: <strong>na korzeniach i ska\u0142ach. Nie zakopujemy k\u0142\u0105czy.<br \/>\n<\/strong>Trudno\u015b\u0107 hodowli:<strong> \u015brednie<\/strong><\/p>\n<p><strong>Pink Lady<\/strong> to jedna z rzadszych odmian, kt\u00f3ra dopiero od niedawna jest w sprzeda\u017cy. \u015aredniej wielko\u015bci zielone li\u015bcie wyrastaj\u0105 z r\u00f3\u017cowych \u0142odyg &#8211; st\u0105d nazwa (R\u00f3\u017ca Dama). Z pojedynczego k\u0142\u0105cza wyrasta kilka li\u015bci (6-8) kt\u00f3re sprawiaj\u0105, \u017ce <strong>Pink Lady<\/strong> jest idealn\u0105 ro\u015blin\u0105 drugiego lub trzeciego planu.<br \/>\nRozmiar i wygl\u0105d tej rzadkiej ro\u015bliny sprawia, \u017ce \u200b\u200bjest ona bardzo po\u017c\u0105dana w nano, \u015brednich i du\u017cych zbiornikach.<\/p>\n<p><strong><em>Pink Lady<\/em><\/strong><em>, jak wszystkie bucephalandry, mo\u017cna uprawia\u0107 submersyjnie (pod wod\u0105) i emersyjnie (nad wod\u0105). Odmiany podwodne mo\u017cna przystosowa\u0107 do ro\u015bni\u0119cia nad lustrem wody (paludaria, akwadaria itp.), a nadwodne do rozwoju w akwariach. Nale\u017cy przy tym pami\u0119ta\u0107, \u017ce ro\u015bliny bardzo cz\u0119sto w okresie adaptacji trac\u0105 wi\u0119kszo\u015b\u0107 li\u015bci aby wykszta\u0142ci\u0107 nowe dostosowane do warunk\u00f3w. Mo\u017ce te\u017c si\u0119 tak dzia\u0107 je\u017celi w akwarium drastycznie zmieni\u0105 si\u0119 parametry wody w d\u0142u\u017cszym okresie (brak nawo\u017cenia, brak <\/em>co2, nieregularne podmiany wody, zanieczyszczenie wody)<br \/>\n<em>Forma submersyjna jest lepiej wybarwiona i bardziej kolorowa.<\/em><\/p>\n<p>W zwi\u0105zku z ma\u0142ymi wymaganiami w nawo\u017ceniu oraz wolnym wzrostem, idealnie nadaje si\u0119 do krewetkarium np. z Neocaridina.<\/p>\n<p><span style=\"font-size: 8pt;\">tekst: Azmed<\/span><\/p>\n","protected":false},"featured_media":1033,"comment_status":"open","ping_status":"closed","template":"","meta":{"_monsterinsights_skip_tracking":false,"_monsterinsights_sitenote_active":false,"_monsterinsights_sitenote_note":"","_monsterinsights_sitenote_category":0},"_links":{"self":[{"href":"https:\/\/aridarum.pl\/index.php?rest_route=\/wp\/v2\/product\/97"}],"collection":[{"href":"https:\/\/aridarum.pl\/index.php?rest_route=\/wp\/v2\/product"}],"about":[{"href":"https:\/\/aridarum.pl\/index.php?rest_route=\/wp\/v2\/types\/product"}],"replies":[{"embeddable":true,"href":"https:\/\/aridarum.pl\/index.php?rest_route=%2Fwp%2Fv2%2Fcomments&post=97"}],"wp:featuredmedia":[{"embeddable":true,"href":"https:\/\/aridarum.pl\/index.php?rest_route=\/wp\/v2\/media\/1033"}],"wp:attachment":[{"href":"https:\/\/aridarum.pl\/index.php?rest_route=%2Fwp%2Fv2%2Fmedia&parent=97"}],"curies":[{"name":"wp","href":"https:\/\/api.w.org\/{rel}","templated":true}]}}