{"id":850,"date":"2021-06-27T21:14:35","date_gmt":"2021-06-27T19:14:35","guid":{"rendered":"http:\/\/aridarum.pl\/?post_type=product&#038;p=850"},"modified":"2025-08-19T08:12:30","modified_gmt":"2025-08-19T06:12:30","slug":"bucephalandra-catherine-mini","status":"publish","type":"product","link":"https:\/\/aridarum.pl\/?product=bucephalandra-catherine-mini","title":{"rendered":"Bucephalandra Catherineae Super Mini"},"content":{"rendered":"<p>Sadzonka emersyjna, kilka listk\u00f3w<\/p>\n","protected":false},"excerpt":{"rendered":"<p>Nazwa gatunkowa: <strong>Bucephalandra catherineae<\/strong><\/p>\n<p>Nazwa handlowa: <strong>Catherinae Super Mini<\/strong><br \/>\nRodzina: <strong>obrazkowate<\/strong><br \/>\nWyst\u0119powanie: <strong>endemiczna dla Borneo<\/strong><br \/>\n\u0141odyga: <strong>p\u0142o\u017c\u0105ce k\u0142\u0105cze<\/strong><br \/>\nLi\u015bcie: <strong>w\u0105skie i pod\u0142u\u017cne ok. 1cm<br \/>\n<\/strong>Kwiaty: <strong>bia\u0142y kielich<\/strong><br \/>\npH: <strong>6-8 \u2013 optymalnie 6,5-7<br \/>\n<\/strong>Temperatura:\u00a0<strong>22-28(forma submersyjna)\/32(forma emersyjna)<\/strong><br \/>\nCO2: <strong>niewymagane ale zalecane do szybszego wzrostu<\/strong><br \/>\nO\u015bwietlenie: <strong>s\u0142abe do \u015bredniego<br \/>\n<\/strong>Nawo\u017cenie: <strong>niewymagane ale zalecane do szybszego wzrostu<\/strong><br \/>\nRozmna\u017canie: <strong>ci\u0119cie k\u0142\u0105czy<\/strong><br \/>\nTempo wzrostu: <strong>powolne<\/strong><br \/>\nSadzenie: <strong>na korzeniach i ska\u0142ach. Nie zakopujemy k\u0142\u0105czy.<br \/>\n<\/strong>Trudno\u015b\u0107 hodowli:<strong> \u0142atwe<\/strong><\/p>\n<p><strong>Catherinae Mini<\/strong> to obok Rosemary i Isabelli jedna z najmniejszych i naj\u0142adniejszych Bucephalandr\u00f3w. Drobne k\u0142\u0105cza w po\u0142\u0105czeniu z niezwykle drobnymi li\u015b\u0107mi tworz\u0105 pi\u0119kne rozety. Mo\u017cna j\u0105 umie\u015bci\u0107 na pierwszym planie aby utworzy\u0142a oryginalny dywan lub wype\u0142ni\u0107 ni\u0105 przestrze\u0144 miedzy ska\u0142ami i na korzeniach. \u00a0Rozmiar i wygl\u0105d tej niesamowitej ro\u015bliny sprawia, \u017ce \u200b\u200bjest ona bardzo po\u017c\u0105dana zar\u00f3wno do nano, jak i du\u017cych zbiornik\u00f3w.<\/p>\n<p><strong><em>Catherinae<\/em><\/strong><em>, jak wszystkie bucephalandry, mo\u017cna uprawia\u0107 submersyjnie (pod wod\u0105) i emersyjnie (nad wod\u0105). Odmiany podwodne mo\u017cna przystosowa\u0107 do ro\u015bni\u0119cia nad lustrem wody (paludaria, akwadaria itp.), a nadwodne do rozwoju w akwariach. Nale\u017cy przy tym pami\u0119ta\u0107, \u017ce ro\u015bliny bardzo cz\u0119sto w okresie adaptacji trac\u0105 wi\u0119kszo\u015b\u0107 li\u015bci aby wykszta\u0142ci\u0107 nowe dostosowane do warunk\u00f3w. Mo\u017ce te\u017c si\u0119 tak dzia\u0107 je\u017celi w akwarium drastycznie zmieni\u0105 si\u0119 parametry wody w d\u0142u\u017cszym okresie (brak nawo\u017cenia, brak co2, nieregularne podmiany wody, zanieczyszczenie wody).<br \/>\nForma submersyjna jest lepiej wybarwiona i bardziej kolorowa.<\/em><\/p>\n<p><em>W zwi\u0105zku z ma\u0142ymi wymaganiami w nawo\u017ceniu oraz wolnym wzrostem, idealnie nadaje si\u0119 do krewetkarium np. z Neocaridina.<\/em><\/p>\n<p><span style=\"font-size: 8pt;\">Tekst: Azmed<\/span><\/p>\n","protected":false},"featured_media":1268,"comment_status":"open","ping_status":"closed","template":"","meta":{"_monsterinsights_skip_tracking":false,"_monsterinsights_sitenote_active":false,"_monsterinsights_sitenote_note":"","_monsterinsights_sitenote_category":0},"_links":{"self":[{"href":"https:\/\/aridarum.pl\/index.php?rest_route=\/wp\/v2\/product\/850"}],"collection":[{"href":"https:\/\/aridarum.pl\/index.php?rest_route=\/wp\/v2\/product"}],"about":[{"href":"https:\/\/aridarum.pl\/index.php?rest_route=\/wp\/v2\/types\/product"}],"replies":[{"embeddable":true,"href":"https:\/\/aridarum.pl\/index.php?rest_route=%2Fwp%2Fv2%2Fcomments&post=850"}],"wp:featuredmedia":[{"embeddable":true,"href":"https:\/\/aridarum.pl\/index.php?rest_route=\/wp\/v2\/media\/1268"}],"wp:attachment":[{"href":"https:\/\/aridarum.pl\/index.php?rest_route=%2Fwp%2Fv2%2Fmedia&parent=850"}],"curies":[{"name":"wp","href":"https:\/\/api.w.org\/{rel}","templated":true}]}}