{"id":791,"date":"2021-05-07T22:41:03","date_gmt":"2021-05-07T20:41:03","guid":{"rendered":"http:\/\/aridarum.pl\/?post_type=product&#038;p=791"},"modified":"2025-08-19T08:12:39","modified_gmt":"2025-08-19T06:12:39","slug":"mini-coin","status":"publish","type":"product","link":"https:\/\/aridarum.pl\/?product=mini-coin","title":{"rendered":"Mini Coin"},"content":{"rendered":"<p>Sadzonka emersyjna<\/p>\n<p>Oferowana ilo\u015b\u0107: porcja widoczna na zdj\u0119ciu z d\u0142oni\u0105, kilka listk\u00f3w.<\/p>\n","protected":false},"excerpt":{"rendered":"<p>Sadzonka emersyjna Oferowana ilo\u015b\u0107: porcja widoczna na zdj\u0119ciu z d\u0142oni\u0105, kilka listk\u00f3w.<\/p>\n","protected":false},"featured_media":784,"comment_status":"open","ping_status":"closed","template":"","meta":{"_monsterinsights_skip_tracking":false,"_monsterinsights_sitenote_active":false,"_monsterinsights_sitenote_note":"","_monsterinsights_sitenote_category":0},"_links":{"self":[{"href":"https:\/\/aridarum.pl\/index.php?rest_route=\/wp\/v2\/product\/791"}],"collection":[{"href":"https:\/\/aridarum.pl\/index.php?rest_route=\/wp\/v2\/product"}],"about":[{"href":"https:\/\/aridarum.pl\/index.php?rest_route=\/wp\/v2\/types\/product"}],"replies":[{"embeddable":true,"href":"https:\/\/aridarum.pl\/index.php?rest_route=%2Fwp%2Fv2%2Fcomments&post=791"}],"wp:featuredmedia":[{"embeddable":true,"href":"https:\/\/aridarum.pl\/index.php?rest_route=\/wp\/v2\/media\/784"}],"wp:attachment":[{"href":"https:\/\/aridarum.pl\/index.php?rest_route=%2Fwp%2Fv2%2Fmedia&parent=791"}],"curies":[{"name":"wp","href":"https:\/\/api.w.org\/{rel}","templated":true}]}}