{"id":585,"date":"2021-02-27T14:54:00","date_gmt":"2021-02-27T13:54:00","guid":{"rendered":"http:\/\/aridarum.pl\/?post_type=product&#038;p=585"},"modified":"2023-03-10T16:34:34","modified_gmt":"2023-03-10T15:34:34","slug":"belindae-mini","status":"publish","type":"product","link":"https:\/\/aridarum.pl\/?product=belindae-mini","title":{"rendered":"Bucephalandra Belindae"},"content":{"rendered":"<p>Sadzonka emersyjna, kilka listk\u00f3w.<\/p>\n","protected":false},"excerpt":{"rendered":"<p>Nazwa gatunkowa: <em><strong>Bucephalandra Belindae\u00a0<\/strong><\/em><\/p>\n<p>Nazwa handlowa: <strong>Belindae<\/strong><br \/>\nRodzina: <strong>obrazkowate<\/strong><br \/>\nWyst\u0119powanie: <strong>endemiczna dla Borneo<\/strong><br \/>\n\u0141odyga: <strong>p\u0142o\u017c\u0105ce k\u0142\u0105cze<\/strong><br \/>\nLi\u015bcie: <strong>igie\u0142kowate ok. 2-3 cm<br \/>\n<\/strong>Kwiaty: <strong>bia\u0142y kielich<\/strong><br \/>\npH: <strong>5-8 \u2013 optymalnie 6,5-7<br \/>\n<\/strong>Temperatura: <strong>22-28 (forma submersyjna)\/32 (forma emersyjna)<\/strong><br \/>\nCO2: <strong>niewymagane ale zalecane do szybszego wzrostu<\/strong><br \/>\nO\u015bwietlenie: <strong>s\u0142abe do \u015bredniego<br \/>\n<\/strong>Nawo\u017cenie: <strong>niewymagane ale zalecane do szybszego wzrostu<\/strong><br \/>\nRozmna\u017canie: <strong>ci\u0119cie k\u0142\u0105czy<\/strong><br \/>\nTempo wzrostu: <strong>powolne<\/strong><br \/>\nSadzenie: <strong>na korzeniach i ska\u0142ach. Nie zakopujemy k\u0142\u0105czy.<br \/>\n<\/strong>Trudno\u015b\u0107 hodowli:<strong> \u015brednia<\/strong><\/p>\n<p><strong>Belindae<\/strong> na pierwszy rzut oka wygl\u0105da jak krzy\u017c\u00f3wka Isabelle z Catherinae. Posiada w\u0105skie, pod\u0142u\u017cne li\u015bcie jak Catherinae, z pofalowanymi brzegami li\u015bci. D\u0142ugo\u015bci\u0105 i kolorem przypominaj\u0105 natomiast Isabelle. M\u0142ode li\u015bcie maj\u0105 kolor jasnej, soczystej zieleni, z biegiem czasu nabieraj\u0105 barwy ciemnej, turkusowej. Doros\u0142a ro\u015blina uk\u0142ada si\u0119 w pi\u0119kn\u0105, nisk\u0105 rozet\u0119 przez co mo\u017cna j\u0105 umie\u015bci\u0107 na pierwszym planie, by utworzy\u0142a oryginalny dywan, mo\u017cna tak\u017ce wype\u0142ni\u0107 ni\u0105 przestrze\u0144 miedzy ska\u0142ami i na korzeniach. Rozmiar i wygl\u0105d <strong>Belindae<\/strong> sprawia, \u017ce \u200b\u200bjest ona bardzo po\u017c\u0105dana zar\u00f3wno do nano, jak i du\u017cych zbiornik\u00f3w.<\/p>\n<p><strong>Belindae<\/strong><em>, jak wszystkie Bucephalandry, mo\u017cna uprawia\u0107 submersyjnie (pod wod\u0105) i emersyjnie (nad wod\u0105). Odmiany podwodne mo\u017cna przystosowa\u0107 do ro\u015bni\u0119cia nad lustrem wody (paludaria, akwadaria itp.), a nadwodne do rozwoju w akwariach. Nale\u017cy przy tym pami\u0119ta\u0107, \u017ce ro\u015bliny cz\u0119sto w okresie adaptacji trac\u0105 wi\u0119kszo\u015b\u0107 li\u015bci, aby wypu\u015bci\u0107 nowe, dostosowane do nowych warunk\u00f3w. Dzieje si\u0119 tak nie tylko w przypadku przekszta\u0142cania formy emersyjnej w submersyjn\u0105 lub odwrotnie. Mo\u017ce te\u017c si\u0119 tak r\u00f3wnie\u017c dzia\u0107, je\u017celi w akwarium drastycznie zmieni\u0105 si\u0119 parametry wody w d\u0142u\u017cszym okresie (brak nawo\u017cenia, brak co2, nieregularne podmiany wody, zanieczyszczenie wody). Bywa jednak, \u017ce adaptacja przebiega bez \u017cadnych strat w li\u015bciach.<\/em><\/p>\n<p><em>Forma submersyjna bywa lepiej wybarwiona i bardziej r\u00f3\u017cnorodna pod wzgl\u0119dem kolor\u00f3w.<\/em><\/p>\n<p><em>W zwi\u0105zku z ma\u0142ymi wymaganiami w nawo\u017ceniu oraz wolnym wzrostem, idealnie nadaje si\u0119 do krewetkarium np. z Neocaridina.<\/em><\/p>\n<p><span style=\"font-size: 8pt;\">Tekst: Azmed<\/span><\/p>\n","protected":false},"featured_media":552,"comment_status":"open","ping_status":"closed","template":"","meta":{"_monsterinsights_skip_tracking":false,"_monsterinsights_sitenote_active":false,"_monsterinsights_sitenote_note":"","_monsterinsights_sitenote_category":0},"_links":{"self":[{"href":"https:\/\/aridarum.pl\/index.php?rest_route=\/wp\/v2\/product\/585"}],"collection":[{"href":"https:\/\/aridarum.pl\/index.php?rest_route=\/wp\/v2\/product"}],"about":[{"href":"https:\/\/aridarum.pl\/index.php?rest_route=\/wp\/v2\/types\/product"}],"replies":[{"embeddable":true,"href":"https:\/\/aridarum.pl\/index.php?rest_route=%2Fwp%2Fv2%2Fcomments&post=585"}],"wp:featuredmedia":[{"embeddable":true,"href":"https:\/\/aridarum.pl\/index.php?rest_route=\/wp\/v2\/media\/552"}],"wp:attachment":[{"href":"https:\/\/aridarum.pl\/index.php?rest_route=%2Fwp%2Fv2%2Fmedia&parent=585"}],"curies":[{"name":"wp","href":"https:\/\/api.w.org\/{rel}","templated":true}]}}