{"id":204,"date":"2020-11-20T10:53:22","date_gmt":"2020-11-20T09:53:22","guid":{"rendered":"http:\/\/aridarum.pl\/?post_type=product&#038;p=204"},"modified":"2024-09-29T15:03:57","modified_gmt":"2024-09-29T13:03:57","slug":"gigantea-2","status":"publish","type":"product","link":"https:\/\/aridarum.pl\/?product=gigantea-2","title":{"rendered":"Bucephalandra Gigantea"},"content":{"rendered":"","protected":false},"excerpt":{"rendered":"<p>Nazwa gatunkowa: <strong>Bucephalandra gigantea<\/strong><\/p>\n<p>Nazwa handlowa: <strong>Gigantea<\/strong><br \/>\nRodzina: <strong>obrazkowate<\/strong><br \/>\nWyst\u0119powanie: <strong>endemiczna dla Borneo<\/strong><br \/>\n\u0141odyga: <strong>pojedyncze k\u0142\u0105cze<\/strong><br \/>\nLi\u015bcie: <strong>lancetowate ok. 15-20 cm<br \/>\n<\/strong>Kwiaty: <strong>bia\u0142y kielich<\/strong><br \/>\npH: <strong>5-8 \u2013 optymalnie 6,5-7<br \/>\n<\/strong>Temperatura: <strong>22-28(forma submersyjna)\/32(forma emersyjna)<\/strong><br \/>\nCO2: <strong>zalecane do szybszego wzrostu<\/strong><br \/>\nO\u015bwietlenie: <strong>\u015brednie do mocnego<br \/>\n<\/strong>Nawo\u017cenie: <strong>zalecane do szybszego wzrostu<\/strong><br \/>\nRozmna\u017canie: <strong>ci\u0119cie k\u0142\u0105czy<\/strong><br \/>\nTempo wzrostu: <strong>bardzo powolne<\/strong><br \/>\nSadzenie: <strong>na korzeniach i ska\u0142ach. Nie zakopujemy k\u0142\u0105czy.<br \/>\n<\/strong>Trudno\u015b\u0107 hodowli:<strong> \u015brednie<\/strong><\/p>\n<p><strong>Gigantea<\/strong>, jedna z najwy\u017cszych odmian Bucephalandry, oryginalny wygl\u0105d zawdzi\u0119cza wyj\u0105tkowo wysokim wzrostem mog\u0105cym osi\u0105gn\u0105\u0107 nawet do 40cm wysoko\u015bci. D\u0142ugie, proste li\u015bcie wyrastaj\u0105 pionowo z jasnor\u00f3\u017cowego k\u0142\u0105cza. Kolor li\u015bci jest uzale\u017cniony od \u015bwiat\u0142a i sk\u0142adnik\u00f3w mineralnych dostarczanych ro\u015blinie: od soczystej zieleni do ciemnego turkusu. Wysoki wzrost oraz roz\u0142o\u017cyste li\u015bcie pozwalaj\u0105 na umieszczenie jej na drugim lub trzecim planie.<\/p>\n<p><strong>Gigantee<\/strong><em>, jak wszystkie Bucephalandry, mo\u017cna uprawia\u0107 submersyjnie (pod wod\u0105) i emersyjnie (nad wod\u0105). Odmiany podwodne mo\u017cna przystosowa\u0107 do ro\u015bni\u0119cia nad lustrem wody (paludaria, akwadaria itp.), a nadwodne do rozwoju w akwariach. Nale\u017cy przy tym pami\u0119ta\u0107, \u017ce ro\u015bliny cz\u0119sto w okresie adaptacji trac\u0105 wi\u0119kszo\u015b\u0107 li\u015bci, aby wypu\u015bci\u0107 nowe, dostosowane do nowych warunk\u00f3w. Dzieje si\u0119 tak nie tylko w przypadku przekszta\u0142cania formy emersyjnej w submersyjn\u0105 lub odwrotnie. Mo\u017ce te\u017c si\u0119 tak r\u00f3wnie\u017c dzia\u0107, je\u017celi w akwarium drastycznie zmieni\u0105 si\u0119 parametry wody w d\u0142u\u017cszym okresie (brak nawo\u017cenia, brak co2, nieregularne podmiany wody, zanieczyszczenie wody). Bywa jednak, \u017ce adaptacja przebiega bez \u017cadnych strat w li\u015bciach.<\/em><\/p>\n<p><em>Forma submersyjna bywa lepiej wybarwiona i bardziej r\u00f3\u017cnorodna pod wzgl\u0119dem kolor\u00f3w.<\/em><\/p>\n<p><span style=\"font-size: 8pt;\">Tekst: Azmed<\/span><\/p>\n","protected":false},"featured_media":150,"comment_status":"open","ping_status":"closed","template":"","meta":{"_monsterinsights_skip_tracking":false,"_monsterinsights_sitenote_active":false,"_monsterinsights_sitenote_note":"","_monsterinsights_sitenote_category":0},"_links":{"self":[{"href":"https:\/\/aridarum.pl\/index.php?rest_route=\/wp\/v2\/product\/204"}],"collection":[{"href":"https:\/\/aridarum.pl\/index.php?rest_route=\/wp\/v2\/product"}],"about":[{"href":"https:\/\/aridarum.pl\/index.php?rest_route=\/wp\/v2\/types\/product"}],"replies":[{"embeddable":true,"href":"https:\/\/aridarum.pl\/index.php?rest_route=%2Fwp%2Fv2%2Fcomments&post=204"}],"wp:featuredmedia":[{"embeddable":true,"href":"https:\/\/aridarum.pl\/index.php?rest_route=\/wp\/v2\/media\/150"}],"wp:attachment":[{"href":"https:\/\/aridarum.pl\/index.php?rest_route=%2Fwp%2Fv2%2Fmedia&parent=204"}],"curies":[{"name":"wp","href":"https:\/\/api.w.org\/{rel}","templated":true}]}}