{"id":1403,"date":"2023-11-25T16:47:23","date_gmt":"2023-11-25T15:47:23","guid":{"rendered":"https:\/\/aridarum.pl\/?post_type=product&#038;p=1403"},"modified":"2025-08-19T08:11:12","modified_gmt":"2025-08-19T06:11:12","slug":"homalomena-sp-silver-green","status":"publish","type":"product","link":"https:\/\/aridarum.pl\/?product=homalomena-sp-silver-green","title":{"rendered":"Homalomena Sp. Silver Green"},"content":{"rendered":"<p>Sadzonka emersyjna do posadzenia w paludarium lub akwarium.<\/p>\n","protected":false},"excerpt":{"rendered":"<p>Homalomena jest ro\u015blin\u0105 endemiczn\u0105 dla Zachodniego Borneo (Kalimantan).\u00a0 Tworzy k\u0119py o sercowatych lub strza\u0142kowatych li\u015bciach w jasnozielonym kolorze z nut\u0105 srebra. Kwiaty s\u0105 drobne i pozbawione p\u0142atk\u00f3w, zamkni\u0119te w zielonkawej otoczce ukrytej pod li\u015b\u0107mi.<\/p>\n<p>Homalomena ro\u015bnie zar\u00f3wno emersyjnie, jak i zanurzona w akwarium.<\/p>\n","protected":false},"featured_media":1394,"comment_status":"open","ping_status":"closed","template":"","meta":{"_monsterinsights_skip_tracking":false,"_monsterinsights_sitenote_active":false,"_monsterinsights_sitenote_note":"","_monsterinsights_sitenote_category":0},"_links":{"self":[{"href":"https:\/\/aridarum.pl\/index.php?rest_route=\/wp\/v2\/product\/1403"}],"collection":[{"href":"https:\/\/aridarum.pl\/index.php?rest_route=\/wp\/v2\/product"}],"about":[{"href":"https:\/\/aridarum.pl\/index.php?rest_route=\/wp\/v2\/types\/product"}],"replies":[{"embeddable":true,"href":"https:\/\/aridarum.pl\/index.php?rest_route=%2Fwp%2Fv2%2Fcomments&post=1403"}],"wp:featuredmedia":[{"embeddable":true,"href":"https:\/\/aridarum.pl\/index.php?rest_route=\/wp\/v2\/media\/1394"}],"wp:attachment":[{"href":"https:\/\/aridarum.pl\/index.php?rest_route=%2Fwp%2Fv2%2Fmedia&parent=1403"}],"curies":[{"name":"wp","href":"https:\/\/api.w.org\/{rel}","templated":true}]}}