{"id":1391,"date":"2023-11-25T14:18:53","date_gmt":"2023-11-25T13:18:53","guid":{"rendered":"https:\/\/aridarum.pl\/?post_type=product&#038;p=1391"},"modified":"2024-09-29T14:55:34","modified_gmt":"2024-09-29T12:55:34","slug":"bakoaella-sicula","status":"publish","type":"product","link":"https:\/\/aridarum.pl\/?product=bakoaella-sicula","title":{"rendered":"Bakoaella sicula"},"content":{"rendered":"<p>Sadzonka emersyjna przeznaczona do paludarium.<\/p>\n","protected":false},"excerpt":{"rendered":"<p>Bakoaella pochodzi z Borneo (Kalimantan). Nale\u017cy do rodziny ro\u015blin Araceae (do tej samej nale\u017c\u0105 r\u00f3wnie\u017c Bucephalandy). Najlepiej czuje si\u0119 w wilgotnym, tropikalnym \u015brodowisku. Jej kwiaty s\u0105 bia\u0142e, smuk\u0142e.<\/p>\n","protected":false},"featured_media":1415,"comment_status":"open","ping_status":"closed","template":"","meta":{"_monsterinsights_skip_tracking":false,"_monsterinsights_sitenote_active":false,"_monsterinsights_sitenote_note":"","_monsterinsights_sitenote_category":0},"_links":{"self":[{"href":"https:\/\/aridarum.pl\/index.php?rest_route=\/wp\/v2\/product\/1391"}],"collection":[{"href":"https:\/\/aridarum.pl\/index.php?rest_route=\/wp\/v2\/product"}],"about":[{"href":"https:\/\/aridarum.pl\/index.php?rest_route=\/wp\/v2\/types\/product"}],"replies":[{"embeddable":true,"href":"https:\/\/aridarum.pl\/index.php?rest_route=%2Fwp%2Fv2%2Fcomments&post=1391"}],"wp:featuredmedia":[{"embeddable":true,"href":"https:\/\/aridarum.pl\/index.php?rest_route=\/wp\/v2\/media\/1415"}],"wp:attachment":[{"href":"https:\/\/aridarum.pl\/index.php?rest_route=%2Fwp%2Fv2%2Fmedia&parent=1391"}],"curies":[{"name":"wp","href":"https:\/\/api.w.org\/{rel}","templated":true}]}}