{"id":1389,"date":"2023-11-24T17:55:25","date_gmt":"2023-11-24T16:55:25","guid":{"rendered":"https:\/\/aridarum.pl\/?post_type=product&#038;p=1389"},"modified":"2025-03-18T09:12:42","modified_gmt":"2025-03-18T08:12:42","slug":"piper-sp-kapuas-hulu","status":"publish","type":"product","link":"https:\/\/aridarum.pl\/?product=piper-sp-kapuas-hulu","title":{"rendered":"Piper Sp Kapuas Hulu"},"content":{"rendered":"<p style=\"text-align: left;\">Ro\u015blina pn\u0105ca przeznaczona do paludarium<\/p>\n<p style=\"text-align: left;\">Oferowana porcja: sadzonka min. 3 li\u015bcie<\/p>\n","protected":false},"excerpt":{"rendered":"<p>Piper, winoro\u015bl pieprzowa, jest ro\u015blin\u0105 pn\u0105c\u0105 przybieraj\u0105c\u0105 kolor od jasnozielonego do ciemnozielonego z wyra\u017anie zaznaczonymi, ja\u015bniejszymi nerwami.<\/p>\n","protected":false},"featured_media":1371,"comment_status":"open","ping_status":"closed","template":"","meta":{"_monsterinsights_skip_tracking":false,"_monsterinsights_sitenote_active":false,"_monsterinsights_sitenote_note":"","_monsterinsights_sitenote_category":0},"_links":{"self":[{"href":"https:\/\/aridarum.pl\/index.php?rest_route=\/wp\/v2\/product\/1389"}],"collection":[{"href":"https:\/\/aridarum.pl\/index.php?rest_route=\/wp\/v2\/product"}],"about":[{"href":"https:\/\/aridarum.pl\/index.php?rest_route=\/wp\/v2\/types\/product"}],"replies":[{"embeddable":true,"href":"https:\/\/aridarum.pl\/index.php?rest_route=%2Fwp%2Fv2%2Fcomments&post=1389"}],"wp:featuredmedia":[{"embeddable":true,"href":"https:\/\/aridarum.pl\/index.php?rest_route=\/wp\/v2\/media\/1371"}],"wp:attachment":[{"href":"https:\/\/aridarum.pl\/index.php?rest_route=%2Fwp%2Fv2%2Fmedia&parent=1389"}],"curies":[{"name":"wp","href":"https:\/\/api.w.org\/{rel}","templated":true}]}}