{"id":1388,"date":"2023-11-24T12:09:32","date_gmt":"2023-11-24T11:09:32","guid":{"rendered":"https:\/\/aridarum.pl\/?post_type=product&#038;p=1388"},"modified":"2024-06-22T14:15:07","modified_gmt":"2024-06-22T12:15:07","slug":"pyrrosia-pyrozja-bengkayang","status":"publish","type":"product","link":"https:\/\/aridarum.pl\/?product=pyrrosia-pyrozja-bengkayang","title":{"rendered":"Pyrrosia (Pyrozja) Bengkayang"},"content":{"rendered":"<p style=\"text-align: center;\">Papro\u0107 pn\u0105ca epifityczna pochodz\u0105ca z Borneo, przeznaczona do paludarium. Oferowana ilo\u015b\u0107: pn\u0105cze z 2 li\u015b\u0107mi.<\/p>\n","protected":false},"excerpt":{"rendered":"<p>Ro\u015blina wyst\u0119puje r\u00f3wnie\u017c pod nazwami: Papro\u0107 Bengkayang, Microsorum Kapuas Hulu<\/p>\n","protected":false},"featured_media":1373,"comment_status":"open","ping_status":"closed","template":"","meta":{"_monsterinsights_skip_tracking":false,"_monsterinsights_sitenote_active":false,"_monsterinsights_sitenote_note":"","_monsterinsights_sitenote_category":0},"_links":{"self":[{"href":"https:\/\/aridarum.pl\/index.php?rest_route=\/wp\/v2\/product\/1388"}],"collection":[{"href":"https:\/\/aridarum.pl\/index.php?rest_route=\/wp\/v2\/product"}],"about":[{"href":"https:\/\/aridarum.pl\/index.php?rest_route=\/wp\/v2\/types\/product"}],"replies":[{"embeddable":true,"href":"https:\/\/aridarum.pl\/index.php?rest_route=%2Fwp%2Fv2%2Fcomments&post=1388"}],"wp:featuredmedia":[{"embeddable":true,"href":"https:\/\/aridarum.pl\/index.php?rest_route=\/wp\/v2\/media\/1373"}],"wp:attachment":[{"href":"https:\/\/aridarum.pl\/index.php?rest_route=%2Fwp%2Fv2%2Fmedia&parent=1388"}],"curies":[{"name":"wp","href":"https:\/\/api.w.org\/{rel}","templated":true}]}}