{"id":1358,"date":"2023-11-17T12:27:18","date_gmt":"2023-11-17T11:27:18","guid":{"rendered":"https:\/\/aridarum.pl\/?post_type=product&#038;p=1358"},"modified":"2024-06-22T14:09:10","modified_gmt":"2024-06-22T12:09:10","slug":"ardisia-sp-green-aka-mangkok-labisia-sp","status":"publish","type":"product","link":"https:\/\/aridarum.pl\/?product=ardisia-sp-green-aka-mangkok-labisia-sp","title":{"rendered":"Ardisia Sp Green aka Mangkok \/ Labisia Sp"},"content":{"rendered":"<p>Sadzonka posiadaj\u0105ca oko\u0142o 3 li\u015bci przeznaczona do paludarium<\/p>\n","protected":false},"excerpt":{"rendered":"<p>Sadzonka posiadaj\u0105ca oko\u0142o 3 li\u015bci przeznaczona do paludarium<\/p>\n","protected":false},"featured_media":1353,"comment_status":"open","ping_status":"closed","template":"","meta":{"_monsterinsights_skip_tracking":false,"_monsterinsights_sitenote_active":false,"_monsterinsights_sitenote_note":"","_monsterinsights_sitenote_category":0},"_links":{"self":[{"href":"https:\/\/aridarum.pl\/index.php?rest_route=\/wp\/v2\/product\/1358"}],"collection":[{"href":"https:\/\/aridarum.pl\/index.php?rest_route=\/wp\/v2\/product"}],"about":[{"href":"https:\/\/aridarum.pl\/index.php?rest_route=\/wp\/v2\/types\/product"}],"replies":[{"embeddable":true,"href":"https:\/\/aridarum.pl\/index.php?rest_route=%2Fwp%2Fv2%2Fcomments&post=1358"}],"wp:featuredmedia":[{"embeddable":true,"href":"https:\/\/aridarum.pl\/index.php?rest_route=\/wp\/v2\/media\/1353"}],"wp:attachment":[{"href":"https:\/\/aridarum.pl\/index.php?rest_route=%2Fwp%2Fv2%2Fmedia&parent=1358"}],"curies":[{"name":"wp","href":"https:\/\/api.w.org\/{rel}","templated":true}]}}