{"id":1349,"date":"2023-11-13T13:30:29","date_gmt":"2023-11-13T12:30:29","guid":{"rendered":"https:\/\/aridarum.pl\/?post_type=product&#038;p=1349"},"modified":"2024-09-29T14:56:21","modified_gmt":"2024-09-29T12:56:21","slug":"labisia-sp-dino-aka-otak-brain","status":"publish","type":"product","link":"https:\/\/aridarum.pl\/?product=labisia-sp-dino-aka-otak-brain","title":{"rendered":"Labisia Sp Dino aka Otak (brain)"},"content":{"rendered":"<p>Sadzonka posiadaj\u0105ca oko\u0142o 3 li\u015bci przeznaczona do paludarium<\/p>\n","protected":false},"excerpt":{"rendered":"<p>Labisia Dino aka Otak (brain), pi\u0119kna, oryginalna ro\u015blina posiadaj\u0105ce mocne, grube li\u015bcie o charakterystycznej, pomarszczonej strukturze i zielono-ro\u017cowej kolorystyce.<br \/>\nLabisia najlepiej czuje si\u0119 w \u015brodowisku o wysokiej wilgotno\u015bci, minimum 70%. Nie wolno jej przesuszy\u0107 ani pozostawi\u0107 wody na li\u015bciach. Tempo wzrostu jest bardzo powolne.<\/p>\n","protected":false},"featured_media":1350,"comment_status":"open","ping_status":"closed","template":"","meta":{"_monsterinsights_skip_tracking":false,"_monsterinsights_sitenote_active":false,"_monsterinsights_sitenote_note":"","_monsterinsights_sitenote_category":0},"_links":{"self":[{"href":"https:\/\/aridarum.pl\/index.php?rest_route=\/wp\/v2\/product\/1349"}],"collection":[{"href":"https:\/\/aridarum.pl\/index.php?rest_route=\/wp\/v2\/product"}],"about":[{"href":"https:\/\/aridarum.pl\/index.php?rest_route=\/wp\/v2\/types\/product"}],"replies":[{"embeddable":true,"href":"https:\/\/aridarum.pl\/index.php?rest_route=%2Fwp%2Fv2%2Fcomments&post=1349"}],"wp:featuredmedia":[{"embeddable":true,"href":"https:\/\/aridarum.pl\/index.php?rest_route=\/wp\/v2\/media\/1350"}],"wp:attachment":[{"href":"https:\/\/aridarum.pl\/index.php?rest_route=%2Fwp%2Fv2%2Fmedia&parent=1349"}],"curies":[{"name":"wp","href":"https:\/\/api.w.org\/{rel}","templated":true}]}}