{"id":1344,"date":"2023-09-24T21:38:03","date_gmt":"2023-09-24T19:38:03","guid":{"rendered":"https:\/\/aridarum.pl\/?post_type=product&#038;p=1344"},"modified":"2023-11-25T15:52:11","modified_gmt":"2023-11-25T14:52:11","slug":"microsorum-blue","status":"publish","type":"product","link":"https:\/\/aridarum.pl\/?product=microsorum-blue","title":{"rendered":"Diplazium cordifolium Blume"},"content":{"rendered":"<p>Sadzonka przeznaczona do paludarium<\/p>\n","protected":false},"excerpt":{"rendered":"<p>Papro\u0107 \/ Fern \/ zamieszkuje tereny po\u0142udniowo-wschodniej Azji, najlepiej czuje si\u0119 w tropikalnym \u015brodowisku. Tempo wzrostu jest bardzo powolne.<\/p>\n","protected":false},"featured_media":1334,"comment_status":"open","ping_status":"closed","template":"","meta":{"_monsterinsights_skip_tracking":false,"_monsterinsights_sitenote_active":false,"_monsterinsights_sitenote_note":"","_monsterinsights_sitenote_category":0},"_links":{"self":[{"href":"https:\/\/aridarum.pl\/index.php?rest_route=\/wp\/v2\/product\/1344"}],"collection":[{"href":"https:\/\/aridarum.pl\/index.php?rest_route=\/wp\/v2\/product"}],"about":[{"href":"https:\/\/aridarum.pl\/index.php?rest_route=\/wp\/v2\/types\/product"}],"replies":[{"embeddable":true,"href":"https:\/\/aridarum.pl\/index.php?rest_route=%2Fwp%2Fv2%2Fcomments&post=1344"}],"wp:featuredmedia":[{"embeddable":true,"href":"https:\/\/aridarum.pl\/index.php?rest_route=\/wp\/v2\/media\/1334"}],"wp:attachment":[{"href":"https:\/\/aridarum.pl\/index.php?rest_route=%2Fwp%2Fv2%2Fmedia&parent=1344"}],"curies":[{"name":"wp","href":"https:\/\/api.w.org\/{rel}","templated":true}]}}