{"id":1280,"date":"2023-03-09T17:12:09","date_gmt":"2023-03-09T16:12:09","guid":{"rendered":"https:\/\/aridarum.pl\/?post_type=product&#038;p=1280"},"modified":"2024-09-29T15:00:23","modified_gmt":"2024-09-29T13:00:23","slug":"minotaur","status":"publish","type":"product","link":"https:\/\/aridarum.pl\/?product=minotaur","title":{"rendered":"Bucephalandra Minotaur"},"content":{"rendered":"<p>Sadzonka emersyjna<\/p>\n","protected":false},"excerpt":{"rendered":"<h1 id=\"page-title\" class=\"title\"><span style=\"font-size: 14pt;\">Nazwa naukowa:\u00a0<\/span><span style=\"font-size: 14pt;\">Bucephalandra minotaur S. Y. Wong &amp; P. C. Boyce<\/span><\/h1>\n<p>Minotaur mo\u017ce by\u0107 uprawiany zar\u00f3wno jako ro\u015blina nadwodna (w paludarium o wysokiej wilgotno\u015bci), jak i podwodna (w akwarium). Najlepiej czuje si\u0119 jednak w hodowli nadwodnej (emersyjnej), w paludarium. W warunkach podwodnych wzrost jest wyra\u017anie wolniejszy, a li\u015bcie s\u0105 nieco mniejsze.<\/p>\n","protected":false},"featured_media":1282,"comment_status":"open","ping_status":"closed","template":"","meta":{"_monsterinsights_skip_tracking":false,"_monsterinsights_sitenote_active":false,"_monsterinsights_sitenote_note":"","_monsterinsights_sitenote_category":0},"_links":{"self":[{"href":"https:\/\/aridarum.pl\/index.php?rest_route=\/wp\/v2\/product\/1280"}],"collection":[{"href":"https:\/\/aridarum.pl\/index.php?rest_route=\/wp\/v2\/product"}],"about":[{"href":"https:\/\/aridarum.pl\/index.php?rest_route=\/wp\/v2\/types\/product"}],"replies":[{"embeddable":true,"href":"https:\/\/aridarum.pl\/index.php?rest_route=%2Fwp%2Fv2%2Fcomments&post=1280"}],"wp:featuredmedia":[{"embeddable":true,"href":"https:\/\/aridarum.pl\/index.php?rest_route=\/wp\/v2\/media\/1282"}],"wp:attachment":[{"href":"https:\/\/aridarum.pl\/index.php?rest_route=%2Fwp%2Fv2%2Fmedia&parent=1280"}],"curies":[{"name":"wp","href":"https:\/\/api.w.org\/{rel}","templated":true}]}}