{"id":672,"date":"2021-03-12T18:32:39","date_gmt":"2021-03-12T17:32:39","guid":{"rendered":"http:\/\/aridarum.pl\/?page_id=672"},"modified":"2025-02-19T23:26:32","modified_gmt":"2025-02-19T22:26:32","slug":"dostawa","status":"publish","type":"page","link":"https:\/\/aridarum.pl\/?page_id=672","title":{"rendered":"Dostawa"},"content":{"rendered":"\n<p><strong>Odbi\u00f3r osobisty w siedzibie firmy 0 z\u0142<\/strong><\/p>\n\n\n\n<p><strong>Paczkomat InPost 17 z\u0142<\/strong><\/p>\n\n\n\n<p><strong>Kurier InPost 17 z\u0142<\/strong><\/p>\n\n\n\n<p><strong>Zam\u00f3wienie powy\u017cej 200 z\u0142 &#8211; przesy\u0142ka na terenie Polski gratis<\/strong><\/p>\n\n\n\n<p><strong>Wysy\u0142ka zagraniczna &#8211; ustalana indywidualnie<\/strong><\/p>\n","protected":false},"excerpt":{"rendered":"<p>Odbi\u00f3r osobisty w siedzibie firmy 0 z\u0142 Paczkomat InPost 17 z\u0142 Kurier InPost 17 z\u0142 Zam\u00f3wienie powy\u017cej 200 z\u0142 &#8211; przesy\u0142ka na terenie Polski gratis Wysy\u0142ka zagraniczna &#8211; ustalana indywidualnie<\/p>\n","protected":false},"author":1,"featured_media":0,"parent":0,"menu_order":0,"comment_status":"closed","ping_status":"closed","template":"","meta":{"_monsterinsights_skip_tracking":false,"_monsterinsights_sitenote_active":false,"_monsterinsights_sitenote_note":"","_monsterinsights_sitenote_category":0},"_links":{"self":[{"href":"https:\/\/aridarum.pl\/index.php?rest_route=\/wp\/v2\/pages\/672"}],"collection":[{"href":"https:\/\/aridarum.pl\/index.php?rest_route=\/wp\/v2\/pages"}],"about":[{"href":"https:\/\/aridarum.pl\/index.php?rest_route=\/wp\/v2\/types\/page"}],"author":[{"embeddable":true,"href":"https:\/\/aridarum.pl\/index.php?rest_route=\/wp\/v2\/users\/1"}],"replies":[{"embeddable":true,"href":"https:\/\/aridarum.pl\/index.php?rest_route=%2Fwp%2Fv2%2Fcomments&post=672"}],"version-history":[{"count":2,"href":"https:\/\/aridarum.pl\/index.php?rest_route=\/wp\/v2\/pages\/672\/revisions"}],"predecessor-version":[{"id":1455,"href":"https:\/\/aridarum.pl\/index.php?rest_route=\/wp\/v2\/pages\/672\/revisions\/1455"}],"wp:attachment":[{"href":"https:\/\/aridarum.pl\/index.php?rest_route=%2Fwp%2Fv2%2Fmedia&parent=672"}],"curies":[{"name":"wp","href":"https:\/\/api.w.org\/{rel}","templated":true}]}}