{"id":3,"date":"2020-10-30T18:10:22","date_gmt":"2020-10-30T17:10:22","guid":{"rendered":"http:\/\/aridarum.pl\/?page_id=3"},"modified":"2021-04-25T19:16:31","modified_gmt":"2021-04-25T17:16:31","slug":"polityka-prywatnosci","status":"publish","type":"page","link":"https:\/\/aridarum.pl\/?page_id=3","title":{"rendered":"Polityka prywatno\u015bci"},"content":{"rendered":"\n<p class=\"has-text-align-center\">Polityka prywatno\u015bci serwisu www.aridarum.pl <\/p>\n\n\n\n<p class=\"has-text-align-center\"> Informacje og\u00f3lne<\/p>\n\n\n\n<div class=\"wp-container-1 wp-block-group\"><div class=\"wp-block-group__inner-container\">\n<p class=\"has-text-align-left\">1.<strong> <strong>Niniejsza Polityka Prywatno\u015bci okre\u015bla zasady przetwarzania i ochrony danych osobowych przekazanych przez U\u017cytkownik\u00f3w w zwi\u0105zku z korzystaniem przez nich z us\u0142ug sklepu Aridarum.pl.<\/strong><\/strong><\/p>\n<\/div><\/div>\n\n\n\n<p>2. <strong>Administratorem danych osobowych zawartych w serwisie jest sklep aridarum.pl prowadzony przez firm\u0119 <\/strong>Aridarum Aleksandra Flach z siedzib\u0105 w Krakowie, ul Wapiennik 18D\/32, 30-198. NIP: 6751068705, REGON: 351306514<\/p>\n\n\n\n<p class=\"has-text-align-left\">3. <strong>W trosce o bezpiecze\u0144stwo powierzonych nam danych opracowali\u015bmy wewn\u0119trzne procedury i zalecenia, kt\u00f3re maj\u0105 zapobiec udost\u0119pnieniu danych osobom nieupowa\u017cnionym. Kontrolujemy ich wykonywanie i stale sprawdzamy ich zgodno\u015b\u0107 z odpowiednimi aktami prawnymi &#8211; ustaw\u0105 o ochronie danych osobowych, ustaw\u0105 o \u015bwiadczeniu us\u0142ug drog\u0105 elektroniczn\u0105, a tak\u017ce wszelkiego rodzaju aktach wykonawczych i aktach prawa wsp\u00f3lnotowego.<\/strong><\/p>\n\n\n\n<p>4. <strong>Dane Osobowe przetwarzane s\u0105 na podstawie zgody wyra\u017canej przez U\u017cytkownika oraz w przypadkach, w kt\u00f3rych przepisy prawa upowa\u017cniaj\u0105 Administratora do przetwarzania danych osobowych na podstawie przepis\u00f3w prawa lub w celu realizacji zawartej pomi\u0119dzy stronami umowy.<\/strong><\/p>\n\n\n\n<p>5. <strong>Serwis realizuje funkcje pozyskiwania informacji o u\u017cytkownikach i ich zachowaniach w nast\u0119puj\u0105cy spos\u00f3b:<\/strong><\/p>\n\n\n\n<ol><li><strong>a) &nbsp;poprzez dobrowolnie wprowadzone w formularzach informacje<\/strong><\/li><li><strong>b) &nbsp;poprzez gromadzenie plik\u00f3w \u201ccookies\u201d [patrz poni\u017cej polityka plik\u00f3w \u201ccookies\u201d].<\/strong><\/li><\/ol>\n\n\n\n<p>6. <strong>Serwis zbiera informacje dobrowolnie podane przez u\u017cytkownika.<\/strong><\/p>\n\n\n\n<p>7. <strong>Dane podane w formularzu s\u0105 przetwarzane w celu wynikaj\u0105cym z funkcji konkretnego formularza np. w celu dokonania procesu obs\u0142ugi kontaktu informacyjnego<\/strong><\/p>\n\n\n\n<p>8. <strong>Dane osobowe pozostawione w serwisie nie zostan\u0105 sprzedane ani udost\u0119pnione osobom trzecim, zgodnie z przepisami Ustawy o ochronie danych osobowych.<\/strong><\/p>\n\n\n\n<p>9. <strong>Do danych zawartych w formularzu przys\u0142uguje wgl\u0105d osobie fizycznej, kt\u00f3ra je tam umie\u015bci\u0142a. Osoba ta ma r\u00f3wnie\u017c praw do modyfikacji i zaprzestania przetwarzania swoich danych w dowolnym momencie.<\/strong><\/p>\n\n\n\n<p>10. <strong>Zastrzegamy sobie prawo do zmiany w polityce ochrony prywatno\u015bci serwisu, na kt\u00f3re mo\u017ce wp\u0142yn\u0105\u0107 rozw\u00f3j technologii internetowej, ewentualne zmiany prawa w zakresie ochrony danych osobowych oraz rozw\u00f3j naszego serwisu internetowego. O wszelkich zmianach b\u0119dziemy informowa\u0107 w spos\u00f3b widoczny i zrozumia\u0142y.<\/strong><\/p>\n\n\n\n<p>11. <strong>W Serwisie mog\u0105 pojawia\u0107 si\u0119 linki do innych stron internetowych. Takie strony internetowe dzia\u0142aj\u0105 niezale\u017cnie od Serwisu i nie s\u0105 w \u017caden spos\u00f3b nadzorowane przez serwis aridarum.pl. Strony te mog\u0105 posiada\u0107 w\u0142asne polityki dotycz\u0105ce prywatno\u015bci oraz regulaminy, z kt\u00f3rymi zalecamy si\u0119 zapozna\u0107.<\/strong><\/p>\n\n\n\n<p><strong><br>W razie w\u0105tpliwo\u015bci co kt\u00f3regokolwiek z zapis\u00f3w niniejszej polityki prywatno\u015bci jeste\u015bmy do dyspozycji &#8211; nasze dane znale\u017a\u0107 mo\u017cna w zak\u0142adce &#8211;<\/strong> KONTAKT.<\/p>\n\n\n\n<p> <\/p>\n\n\n\n<p class=\"has-text-align-center\">POLITYKA PLIK\u00d3W COOKIES<\/p>\n\n\n\n<p><strong>1. Serwis zbiera w spos\u00f3b automatyczny tylko informacje zawarte w plikach cookies.<\/strong><\/p>\n\n\n\n<p>2. <strong>Pliki (cookies) s\u0105 plikami tekstowymi, kt\u00f3re przechowywane s\u0105 w urz\u0105dzeniu ko\u0144cowym u\u017cytkownika serwisu. Przeznaczone s\u0105 do korzystania ze stron serwisu. Przede wszystkim zawieraj\u0105 nazw\u0119 strony internetowej swojego pochodzenia, sw\u00f3j unikalny numer, czas przechowywania na urz\u0105dzeniu ko\u0144cowym.<\/strong><\/p>\n\n\n\n<p>3. <strong>Operator serwisu Aridarum.pl jest podmiotem zamieszczaj\u0105cym na urz\u0105dzeniu ko\u0144cowym swojego u\u017cytkownika pliki cookies oraz maj\u0105cym do nich dost\u0119p.<\/strong><\/p>\n\n\n\n<p>4. <strong>Operator serwisu wykorzystuje pliki (cookies) w celu:<\/strong><\/p>\n\n\n\n<ul><li><strong>dopasowania zawarto\u015bci strony internetowej do indywidualnych preferencji u\u017cytkownika, przede wszystkim pliki te rozpoznaj\u0105 jego urz\u0105dzenie, aby zgodnie z jego preferencjami wy\u015bwietli\u0107 stron\u0119;<\/strong><\/li><\/ul>\n\n\n\n<ul><li><strong>przygotowywania statystyk pomagaj\u0105cych poznaniu preferencji i zachowa\u0144 u\u017cytkownik\u00f3w, analiza tych statystyk jest anonimowa i umo\u017cliwia dostosowanie zawarto\u015bci i wygl\u0105du serwisu do panuj\u0105cych trend\u00f3w, statystyki stosuje si\u0119 te\u017c do oceny popularno\u015bci strony;<\/strong><\/li><\/ul>\n\n\n\n<ul><li><strong>mo\u017cliwo\u015bci logowania do serwisu;<\/strong><\/li><\/ul>\n\n\n\n<ul><li><strong>utrzymania logowania u\u017cytkownika na ka\u017cdej kolejnej stronie serwisu.<\/strong><\/li><\/ul>\n\n\n\n<p>5. <strong>Serwis stosuje dwa zasadnicze rodzaje plik\u00f3w (cookies) &#8211; sesyjne i sta\u0142e. Pliki sesyjne s\u0105 tymczasowe, przechowuje si\u0119 je do momentu opuszczenia strony serwisu (poprzez wej\u015bcie na inn\u0105 stron\u0119, wylogowanie lub wy\u0142\u0105czenie przegl\u0105darki). Pliki sta\u0142e przechowywane s\u0105 w urz\u0105dzeniu ko\u0144cowym u\u017cytkownika do czasu ich usuni\u0119cia przez u\u017cytkownika lub przez czas wynikaj\u0105cy z ich ustawie\u0144.<br>6. U\u017cytkownik mo\u017ce w ka\u017cdej chwili dokona\u0107 zmiany ustawie\u0144 swojej przegl\u0105darki, aby zablokowa\u0107 obs\u0142ug\u0119 plik\u00f3w (cookies) lub ka\u017cdorazowo uzyskiwa\u0107 informacje o ich umieszczeniu w swoim urz\u0105dzeniu. Inne dost\u0119pne opcje mo\u017cna sprawdzi\u0107 w ustawieniach swojej przegl\u0105darki internetowej. Nale\u017cy pami\u0119ta\u0107, \u017ce wi\u0119kszo\u015b\u0107 przegl\u0105darek domy\u015blnie jest ustawione na akceptacj\u0119 zapisu plik\u00f3w (cookies) w urz\u0105dzeniu ko\u0144cowym.<br>7. Operator Serwisu informuje, \u017ce zmiany ustawie\u0144 w przegl\u0105darce internetowej u\u017cytkownika mog\u0105 ograniczy\u0107 dost\u0119p do niekt\u00f3rych funkcji strony internetowej serwisu.<br>8. Pliki (cookies) z kt\u00f3rych korzysta serwis (zamieszczane w urz\u0105dzeniu ko\u0144cowym u\u017cytkownika) mog\u0105 by\u0107 udost\u0119pnione jego partnerom oraz wsp\u00f3\u0142pracuj\u0105cym z nim reklamodawc\u0105.<br>9. Informacje dotycz\u0105ce ustawie\u0144 przegl\u0105darek internetowych dost\u0119pne s\u0105 w jej menu (pomoc) lub na stronie jej producenta.<\/strong><\/p>\n","protected":false},"excerpt":{"rendered":"<p>Polityka prywatno\u015bci serwisu www.aridarum.pl Informacje og\u00f3lne 1. Niniejsza Polityka Prywatno\u015bci okre\u015bla zasady przetwarzania i ochrony danych osobowych przekazanych przez U\u017cytkownik\u00f3w w zwi\u0105zku z korzystaniem przez nich z us\u0142ug sklepu Aridarum.pl. 2. Administratorem danych osobowych zawartych w serwisie jest sklep aridarum.pl prowadzony przez firm\u0119 Aridarum Aleksandra Flach z siedzib\u0105 w Krakowie, ul Wapiennik 18D\/32, 30-198. NIP: [&hellip;]<\/p>\n","protected":false},"author":1,"featured_media":0,"parent":0,"menu_order":0,"comment_status":"closed","ping_status":"closed","template":"","meta":{"_monsterinsights_skip_tracking":false,"_monsterinsights_sitenote_active":false,"_monsterinsights_sitenote_note":"","_monsterinsights_sitenote_category":0},"_links":{"self":[{"href":"https:\/\/aridarum.pl\/index.php?rest_route=\/wp\/v2\/pages\/3"}],"collection":[{"href":"https:\/\/aridarum.pl\/index.php?rest_route=\/wp\/v2\/pages"}],"about":[{"href":"https:\/\/aridarum.pl\/index.php?rest_route=\/wp\/v2\/types\/page"}],"author":[{"embeddable":true,"href":"https:\/\/aridarum.pl\/index.php?rest_route=\/wp\/v2\/users\/1"}],"replies":[{"embeddable":true,"href":"https:\/\/aridarum.pl\/index.php?rest_route=%2Fwp%2Fv2%2Fcomments&post=3"}],"version-history":[{"count":12,"href":"https:\/\/aridarum.pl\/index.php?rest_route=\/wp\/v2\/pages\/3\/revisions"}],"predecessor-version":[{"id":740,"href":"https:\/\/aridarum.pl\/index.php?rest_route=\/wp\/v2\/pages\/3\/revisions\/740"}],"wp:attachment":[{"href":"https:\/\/aridarum.pl\/index.php?rest_route=%2Fwp%2Fv2%2Fmedia&parent=3"}],"curies":[{"name":"wp","href":"https:\/\/api.w.org\/{rel}","templated":true}]}}